{"id":17615,"date":"2025-02-21T13:00:37","date_gmt":"2025-02-21T16:00:37","guid":{"rendered":"http:\/\/rsl.dnsalias.com\/rentas_sanluis\/?page_id=17615"},"modified":"2025-02-27T11:58:44","modified_gmt":"2025-02-27T14:58:44","slug":"credito-de-caja-social","status":"publish","type":"page","link":"https:\/\/dpip.sanluis.gov.ar\/rentas_sanluis\/?page_id=17615","title":{"rendered":"Cr\u00e9dito de Caja Social"},"content":{"rendered":"\t\t<div data-elementor-type=\"wp-page\" data-elementor-id=\"17615\" class=\"elementor elementor-17615\" data-elementor-post-type=\"page\">\n\t\t\t\t<div class=\"elementor-element elementor-element-0b4844b e-flex e-con-boxed e-con e-parent\" data-id=\"0b4844b\" data-element_type=\"container\" data-e-type=\"container\">\n\t\t\t\t\t<div class=\"e-con-inner\">\n\t\t\t\t<div class=\"elementor-element elementor-element-5189cb8 elementor-widget elementor-widget-spacer\" data-id=\"5189cb8\" data-element_type=\"widget\" data-e-type=\"widget\" data-widget_type=\"spacer.default\">\n\t\t\t\t<div class=\"elementor-widget-container\">\n\t\t\t\t\t\t\t<div class=\"elementor-spacer\">\n\t\t\t<div class=\"elementor-spacer-inner\"><\/div>\n\t\t<\/div>\n\t\t\t\t\t\t<\/div>\n\t\t\t\t<\/div>\n\t\t\t\t<div class=\"elementor-element elementor-element-a5420bb elementor-widget elementor-widget-image\" data-id=\"a5420bb\" data-element_type=\"widget\" data-e-type=\"widget\" data-widget_type=\"image.default\">\n\t\t\t\t<div class=\"elementor-widget-container\">\n\t\t\t\t\t\t\t\t\t\t\t\t\t\t\t<img decoding=\"async\" width=\"755\" height=\"59\" src=\"https:\/\/dpip.sanluis.gov.ar\/rentas_sanluis\/wp-content\/uploads\/2025\/02\/CREDITO-DE-CAJA-SOCIAL.png\" class=\"attachment-full size-full wp-image-17618\" alt=\"\" srcset=\"https:\/\/dpip.sanluis.gov.ar\/rentas_sanluis\/wp-content\/uploads\/2025\/02\/CREDITO-DE-CAJA-SOCIAL.png 755w, https:\/\/dpip.sanluis.gov.ar\/rentas_sanluis\/wp-content\/uploads\/2025\/02\/CREDITO-DE-CAJA-SOCIAL-300x23.png 300w\" sizes=\"(max-width: 755px) 100vw, 755px\" \/>\t\t\t\t\t\t\t\t\t\t\t\t\t\t\t<\/div>\n\t\t\t\t<\/div>\n\t\t\t\t\t<\/div>\n\t\t\t\t<\/div>\n\t\t<div class=\"elementor-element elementor-element-3fc0de87 e-flex e-con-boxed e-con e-parent\" data-id=\"3fc0de87\" data-element_type=\"container\" data-e-type=\"container\">\n\t\t\t\t\t<div class=\"e-con-inner\">\n\t\t\t\t<div class=\"elementor-element elementor-element-6e9332ce elementor-hidden-tablet elementor-hidden-mobile elementor-widget elementor-widget-text-editor\" data-id=\"6e9332ce\" data-element_type=\"widget\" data-e-type=\"widget\" data-widget_type=\"text-editor.default\">\n\t\t\t\t<div class=\"elementor-widget-container\">\n\t\t\t\t\t\t\t\t\t<p style=\"text-align: center;\">Para generar un Volante de Pago Electr\u00f3nico (VEP) o conocer tu estado de deuda, ingres\u00e1 con <b>Clave Fiscal<\/b><\/p>\t\t\t\t\t\t\t\t<\/div>\n\t\t\t\t<\/div>\n\t\t\t\t<div data-ep-wrapper-link=\"{&quot;url&quot;:&quot;https:\\\/\\\/dpip.sanluis.gov.ar\\\/rentas_sanluis\\\/?page_id=11613&quot;,&quot;is_external&quot;:&quot;&quot;,&quot;nofollow&quot;:&quot;&quot;,&quot;custom_attributes&quot;:&quot;&quot;}\" style=\"cursor: pointer\" class=\"bdt-element-link elementor-element elementor-element-3a39e5b9 elementor-widget elementor-widget-text-editor\" data-id=\"3a39e5b9\" data-element_type=\"widget\" data-e-type=\"widget\" data-widget_type=\"text-editor.default\">\n\t\t\t\t<div class=\"elementor-widget-container\">\n\t\t\t\t\t\t\t\t\t<div class=\"zn_text_box eluid5945f384 zn_text_box-light element-scheme--light\"><h6 style=\"text-align: center;\"><strong>Informaci\u00f3n una vez que ingres\u00e1s tu N\u00b0 de inscripci\u00f3n.<\/strong><\/h6><p>Para generar un VEP hac\u00e9 click en\u00a0 <img decoding=\"async\" class=\"alignnone  wp-image-17705\" src=\"https:\/\/dpip.sanluis.gov.ar\/rentas_sanluis\/wp-content\/uploads\/2025\/02\/big-pmcbanelcog.png\" alt=\"\" width=\"51\" height=\"41\" \/>\u00a0o <a href=\"https:\/\/dpip.sanluis.gov.ar\/rentas_sanluis\/wp-content\/uploads\/2025\/02\/Red_link_logo.svg\"><img decoding=\"async\" class=\"alignnone wp-image-17240 \" src=\"https:\/\/dpip.sanluis.gov.ar\/rentas_sanluis\/wp-content\/uploads\/2025\/02\/Red_link_logo.svg\" alt=\"\" width=\"37\" height=\"32\" \/><\/a>, segu\u0301n el homebanking de tu preferencia<\/p><p><img loading=\"lazy\" decoding=\"async\" class=\"alignnone  wp-image-17691\" src=\"https:\/\/dpip.sanluis.gov.ar\/rentas_sanluis\/wp-content\/uploads\/2025\/02\/PDF_file_icon.svg-244x300.png\" alt=\"\" width=\"44\" height=\"54\" srcset=\"https:\/\/dpip.sanluis.gov.ar\/rentas_sanluis\/wp-content\/uploads\/2025\/02\/PDF_file_icon.svg-244x300.png 244w, https:\/\/dpip.sanluis.gov.ar\/rentas_sanluis\/wp-content\/uploads\/2025\/02\/PDF_file_icon.svg-833x1024.png 833w, https:\/\/dpip.sanluis.gov.ar\/rentas_sanluis\/wp-content\/uploads\/2025\/02\/PDF_file_icon.svg-768x944.png 768w, https:\/\/dpip.sanluis.gov.ar\/rentas_sanluis\/wp-content\/uploads\/2025\/02\/PDF_file_icon.svg-1249x1536.png 1249w, https:\/\/dpip.sanluis.gov.ar\/rentas_sanluis\/wp-content\/uploads\/2025\/02\/PDF_file_icon.svg-1665x2048.png 1665w, https:\/\/dpip.sanluis.gov.ar\/rentas_sanluis\/wp-content\/uploads\/2025\/02\/PDF_file_icon.svg.png 1667w\" sizes=\"(max-width: 44px) 100vw, 44px\" \/>\u00a0Haciendo clic en esta imagen, solo descarga la boleta, para pagarla en algunos de los medios de pago f\u00edsicos habilitados.<\/p><\/div>\t\t\t\t\t\t\t\t<\/div>\n\t\t\t\t<\/div>\n\t\t\t\t\t<\/div>\n\t\t\t\t<\/div>\n\t\t\t\t<\/div>\n\t\t","protected":false},"excerpt":{"rendered":"<p>Para generar un Volante de Pago Electr\u00f3nico (VEP) o conocer tu estado de deuda, ingres\u00e1 con Clave Fiscal Informaci\u00f3n una vez que ingres\u00e1s tu N\u00b0 de inscripci\u00f3n. Para generar un VEP hac\u00e9 click en\u00a0 \u00a0o , segu\u0301n el homebanking de tu preferencia \u00a0Haciendo clic en esta imagen, solo descarga la boleta, para pagarla en algunos [&hellip;]<\/p>\n","protected":false},"author":3,"featured_media":0,"parent":0,"menu_order":0,"comment_status":"closed","ping_status":"closed","template":"","meta":{"site-sidebar-layout":"no-sidebar","site-content-layout":"page-builder","ast-site-content-layout":"full-width-container","site-content-style":"default","site-sidebar-style":"default","ast-global-header-display":"","ast-banner-title-visibility":"","ast-main-header-display":"","ast-hfb-above-header-display":"","ast-hfb-below-header-display":"","ast-hfb-mobile-header-display":"","site-post-title":"disabled","ast-breadcrumbs-content":"","ast-featured-img":"disabled","footer-sml-layout":"","theme-transparent-header-meta":"","adv-header-id-meta":"","stick-header-meta":"","header-above-stick-meta":"","header-main-stick-meta":"","header-below-stick-meta":"","astra-migrate-meta-layouts":"set","ast-page-background-enabled":"default","ast-page-background-meta":{"desktop":{"background-color":"var(--ast-global-color-4)","background-image":"","background-repeat":"repeat","background-position":"center center","background-size":"auto","background-attachment":"scroll","background-type":"","background-media":"","overlay-type":"","overlay-color":"","overlay-opacity":"","overlay-gradient":""},"tablet":{"background-color":"","background-image":"","background-repeat":"repeat","background-position":"center center","background-size":"auto","background-attachment":"scroll","background-type":"","background-media":"","overlay-type":"","overlay-color":"","overlay-opacity":"","overlay-gradient":""},"mobile":{"background-color":"","background-image":"","background-repeat":"repeat","background-position":"center center","background-size":"auto","background-attachment":"scroll","background-type":"","background-media":"","overlay-type":"","overlay-color":"","overlay-opacity":"","overlay-gradient":""}},"ast-content-background-meta":{"desktop":{"background-color":"var(--ast-global-color-5)","background-image":"","background-repeat":"repeat","background-position":"center center","background-size":"auto","background-attachment":"scroll","background-type":"","background-media":"","overlay-type":"","overlay-color":"","overlay-opacity":"","overlay-gradient":""},"tablet":{"background-color":"var(--ast-global-color-5)","background-image":"","background-repeat":"repeat","background-position":"center center","background-size":"auto","background-attachment":"scroll","background-type":"","background-media":"","overlay-type":"","overlay-color":"","overlay-opacity":"","overlay-gradient":""},"mobile":{"background-color":"var(--ast-global-color-5)","background-image":"","background-repeat":"repeat","background-position":"center center","background-size":"auto","background-attachment":"scroll","background-type":"","background-media":"","overlay-type":"","overlay-color":"","overlay-opacity":"","overlay-gradient":""}},"footnotes":""},"class_list":["post-17615","page","type-page","status-publish","hentry"],"_links":{"self":[{"href":"https:\/\/dpip.sanluis.gov.ar\/rentas_sanluis\/index.php?rest_route=\/wp\/v2\/pages\/17615","targetHints":{"allow":["GET"]}}],"collection":[{"href":"https:\/\/dpip.sanluis.gov.ar\/rentas_sanluis\/index.php?rest_route=\/wp\/v2\/pages"}],"about":[{"href":"https:\/\/dpip.sanluis.gov.ar\/rentas_sanluis\/index.php?rest_route=\/wp\/v2\/types\/page"}],"author":[{"embeddable":true,"href":"https:\/\/dpip.sanluis.gov.ar\/rentas_sanluis\/index.php?rest_route=\/wp\/v2\/users\/3"}],"replies":[{"embeddable":true,"href":"https:\/\/dpip.sanluis.gov.ar\/rentas_sanluis\/index.php?rest_route=%2Fwp%2Fv2%2Fcomments&post=17615"}],"version-history":[{"count":10,"href":"https:\/\/dpip.sanluis.gov.ar\/rentas_sanluis\/index.php?rest_route=\/wp\/v2\/pages\/17615\/revisions"}],"predecessor-version":[{"id":17726,"href":"https:\/\/dpip.sanluis.gov.ar\/rentas_sanluis\/index.php?rest_route=\/wp\/v2\/pages\/17615\/revisions\/17726"}],"wp:attachment":[{"href":"https:\/\/dpip.sanluis.gov.ar\/rentas_sanluis\/index.php?rest_route=%2Fwp%2Fv2%2Fmedia&parent=17615"}],"curies":[{"name":"wp","href":"https:\/\/api.w.org\/{rel}","templated":true}]}}