{"id":11775,"date":"2024-11-08T16:55:40","date_gmt":"2024-11-08T19:55:40","guid":{"rendered":"http:\/\/rsl.dnsalias.com\/rentas_sanluis\/?page_id=11775"},"modified":"2026-02-11T13:16:12","modified_gmt":"2026-02-11T16:16:12","slug":"viviendas-provinciales","status":"publish","type":"page","link":"https:\/\/dpip.sanluis.gov.ar\/rentas_sanluis\/?page_id=11775","title":{"rendered":"Viviendas Provinciales"},"content":{"rendered":"\t\t<div data-elementor-type=\"wp-page\" data-elementor-id=\"11775\" class=\"elementor elementor-11775\" data-elementor-post-type=\"page\">\n\t\t\t\t<div class=\"elementor-element elementor-element-ca3e6b7 elementor-hidden-tablet elementor-hidden-mobile e-flex e-con-boxed e-con e-parent\" data-id=\"ca3e6b7\" data-element_type=\"container\" data-e-type=\"container\">\n\t\t\t\t\t<div class=\"e-con-inner\">\n\t\t\t\t<div class=\"elementor-element elementor-element-478a22b elementor-widget elementor-widget-spacer\" data-id=\"478a22b\" data-element_type=\"widget\" data-e-type=\"widget\" data-widget_type=\"spacer.default\">\n\t\t\t\t<div class=\"elementor-widget-container\">\n\t\t\t\t\t\t\t<div class=\"elementor-spacer\">\n\t\t\t<div class=\"elementor-spacer-inner\"><\/div>\n\t\t<\/div>\n\t\t\t\t\t\t<\/div>\n\t\t\t\t<\/div>\n\t\t\t\t\t<\/div>\n\t\t\t\t<\/div>\n\t\t<div class=\"elementor-element elementor-element-c985f54 e-flex e-con-boxed e-con e-parent\" data-id=\"c985f54\" data-element_type=\"container\" data-e-type=\"container\">\n\t\t\t\t\t<div class=\"e-con-inner\">\n\t\t<div class=\"elementor-element elementor-element-32f4165 e-con-full e-flex e-con e-child\" data-id=\"32f4165\" data-element_type=\"container\" data-e-type=\"container\">\n\t\t\t\t<div class=\"elementor-element elementor-element-4dfaa4a elementor-widget elementor-widget-image\" data-id=\"4dfaa4a\" data-element_type=\"widget\" data-e-type=\"widget\" data-widget_type=\"image.default\">\n\t\t\t\t<div class=\"elementor-widget-container\">\n\t\t\t\t\t\t\t\t\t\t\t\t\t\t\t<img decoding=\"async\" width=\"777\" height=\"55\" src=\"https:\/\/dpip.sanluis.gov.ar\/rentas_sanluis\/wp-content\/uploads\/2025\/02\/VIVIENDAS-PROVINCIALES-48_1.png\" class=\"attachment-full size-full wp-image-17185\" alt=\"\" srcset=\"https:\/\/dpip.sanluis.gov.ar\/rentas_sanluis\/wp-content\/uploads\/2025\/02\/VIVIENDAS-PROVINCIALES-48_1.png 777w, https:\/\/dpip.sanluis.gov.ar\/rentas_sanluis\/wp-content\/uploads\/2025\/02\/VIVIENDAS-PROVINCIALES-48_1-300x21.png 300w, https:\/\/dpip.sanluis.gov.ar\/rentas_sanluis\/wp-content\/uploads\/2025\/02\/VIVIENDAS-PROVINCIALES-48_1-768x54.png 768w\" sizes=\"(max-width: 777px) 100vw, 777px\" \/>\t\t\t\t\t\t\t\t\t\t\t\t\t\t\t<\/div>\n\t\t\t\t<\/div>\n\t\t\t\t<\/div>\n\t\t\t\t<div class=\"elementor-element elementor-element-27ba9df elementor-widget elementor-widget-spacer\" data-id=\"27ba9df\" data-element_type=\"widget\" data-e-type=\"widget\" data-widget_type=\"spacer.default\">\n\t\t\t\t<div class=\"elementor-widget-container\">\n\t\t\t\t\t\t\t<div class=\"elementor-spacer\">\n\t\t\t<div class=\"elementor-spacer-inner\"><\/div>\n\t\t<\/div>\n\t\t\t\t\t\t<\/div>\n\t\t\t\t<\/div>\n\t\t\t\t\t<\/div>\n\t\t\t\t<\/div>\n\t\t<div class=\"elementor-element elementor-element-62d086c4 e-flex e-con-boxed e-con e-parent\" data-id=\"62d086c4\" data-element_type=\"container\" data-e-type=\"container\">\n\t\t\t\t\t<div class=\"e-con-inner\">\n\t\t\t\t<div class=\"elementor-element elementor-element-e01ed04 elementor-hidden-tablet elementor-hidden-mobile elementor-widget elementor-widget-text-editor\" data-id=\"e01ed04\" data-element_type=\"widget\" data-e-type=\"widget\" data-widget_type=\"text-editor.default\">\n\t\t\t\t<div class=\"elementor-widget-container\">\n\t\t\t\t\t\t\t\t\t<p style=\"text-align: center;\">Para consultar y emitir tu boleta de pago hac\u00e9 clic en el bot\u00f3n <b>&#8220;Consultar boleta&#8221;<\/b>.<br \/>Para generar un Volante de Pago Electr\u00f3nico (VEP) o conocer tu estado de deuda, ingres\u00e1 con <b>Clave Fiscal<\/b><\/p>\t\t\t\t\t\t\t\t<\/div>\n\t\t\t\t<\/div>\n\t\t\t\t<div class=\"elementor-element elementor-element-f4b818f elementor-align-center elementor-widget elementor-widget-button\" data-id=\"f4b818f\" data-element_type=\"widget\" data-e-type=\"widget\" data-widget_type=\"button.default\">\n\t\t\t\t<div class=\"elementor-widget-container\">\n\t\t\t\t\t\t\t\t\t<div class=\"elementor-button-wrapper\">\n\t\t\t\t\t<a class=\"elementor-button elementor-button-link elementor-size-sm\" href=\"https:\/\/sistematributario.dpip.sanluis.gov.ar\/ords\/f?p=CLFPUB:30:0::NO:30,31:P30_OIM_CLAVE,P30_TIPO_IMPONIBLE,P30_TRI_CODIGO:,0023,0027\" target=\"_blank\">\n\t\t\t\t\t\t<span class=\"elementor-button-content-wrapper\">\n\t\t\t\t\t\t\t\t\t<span class=\"elementor-button-text\">Consultar boleta<\/span>\n\t\t\t\t\t<\/span>\n\t\t\t\t\t<\/a>\n\t\t\t\t<\/div>\n\t\t\t\t\t\t\t\t<\/div>\n\t\t\t\t<\/div>\n\t\t\t\t<div data-ep-wrapper-link=\"{&quot;url&quot;:&quot;https:\\\/\\\/dpip.sanluis.gov.ar\\\/rentas_sanluis\\\/?page_id=11613&quot;,&quot;is_external&quot;:&quot;&quot;,&quot;nofollow&quot;:&quot;&quot;,&quot;custom_attributes&quot;:&quot;&quot;}\" style=\"cursor: pointer\" class=\"bdt-element-link elementor-element elementor-element-93bc42f elementor-widget elementor-widget-text-editor\" data-id=\"93bc42f\" data-element_type=\"widget\" data-e-type=\"widget\" data-widget_type=\"text-editor.default\">\n\t\t\t\t<div class=\"elementor-widget-container\">\n\t\t\t\t\t\t\t\t\t<div class=\"zn_text_box eluid5945f384 zn_text_box-light element-scheme--light\"><h6>\u00a0<\/h6><h6 style=\"text-align: center;\"><strong>Informaci\u00f3n una vez que ingres\u00e1s tu N\u00b0 de inscripci\u00f3n.<\/strong><\/h6><p>Para generar un VEP hac\u00e9 click en\u00a0 <img decoding=\"async\" class=\"alignnone  wp-image-17705\" src=\"https:\/\/dpip.sanluis.gov.ar\/rentas_sanluis\/wp-content\/uploads\/2025\/02\/big-pmcbanelcog.png\" alt=\"\" width=\"56\" height=\"39\" \/>\u00a0o <a href=\"https:\/\/dpip.sanluis.gov.ar\/rentas_sanluis\/wp-content\/uploads\/2025\/02\/Red_link_logo.svg\"><img decoding=\"async\" class=\"alignnone wp-image-17240 \" src=\"https:\/\/dpip.sanluis.gov.ar\/rentas_sanluis\/wp-content\/uploads\/2025\/02\/Red_link_logo.svg\" alt=\"\" width=\"37\" height=\"32\" \/><\/a>, segu\u0301n el homebanking de tu preferencia<\/p><p><img loading=\"lazy\" decoding=\"async\" class=\"alignnone  wp-image-17691\" src=\"https:\/\/dpip.sanluis.gov.ar\/rentas_sanluis\/wp-content\/uploads\/2025\/02\/PDF_file_icon.svg-244x300.png\" alt=\"\" width=\"37\" height=\"46\" srcset=\"https:\/\/dpip.sanluis.gov.ar\/rentas_sanluis\/wp-content\/uploads\/2025\/02\/PDF_file_icon.svg-244x300.png 244w, https:\/\/dpip.sanluis.gov.ar\/rentas_sanluis\/wp-content\/uploads\/2025\/02\/PDF_file_icon.svg-833x1024.png 833w, https:\/\/dpip.sanluis.gov.ar\/rentas_sanluis\/wp-content\/uploads\/2025\/02\/PDF_file_icon.svg-768x944.png 768w, https:\/\/dpip.sanluis.gov.ar\/rentas_sanluis\/wp-content\/uploads\/2025\/02\/PDF_file_icon.svg-1249x1536.png 1249w, https:\/\/dpip.sanluis.gov.ar\/rentas_sanluis\/wp-content\/uploads\/2025\/02\/PDF_file_icon.svg-1665x2048.png 1665w, https:\/\/dpip.sanluis.gov.ar\/rentas_sanluis\/wp-content\/uploads\/2025\/02\/PDF_file_icon.svg.png 1667w\" sizes=\"(max-width: 37px) 100vw, 37px\" \/>\u00a0Haciendo clic en esta imagen, solo descarga la boleta, para pagarla en algunos de los medios de pago f\u00edsicos habilitados.<\/p><\/div>\t\t\t\t\t\t\t\t<\/div>\n\t\t\t\t<\/div>\n\t\t\t\t<div class=\"elementor-element elementor-element-a6100f6 elementor-widget elementor-widget-text-editor\" data-id=\"a6100f6\" data-element_type=\"widget\" data-e-type=\"widget\" data-widget_type=\"text-editor.default\">\n\t\t\t\t<div class=\"elementor-widget-container\">\n\t\t\t\t\t\t\t\t\t<p style=\"text-align: center;\"><strong>\u00a0 NO TE OLVIDES DE PAGAR &#8211; La falta de pago de CINCO (5) cuotas es causal para la desadjudicaci\u00f3n de la vivienda<\/strong><\/p>\t\t\t\t\t\t\t\t<\/div>\n\t\t\t\t<\/div>\n\t\t\t\t<div class=\"elementor-element elementor-element-3d6c042 elementor-widget elementor-widget-text-editor\" data-id=\"3d6c042\" data-element_type=\"widget\" data-e-type=\"widget\" data-widget_type=\"text-editor.default\">\n\t\t\t\t<div class=\"elementor-widget-container\">\n\t\t\t\t\t\t\t\t\t<div class=\"zn_text_box eluid5945f384 zn_text_box-light element-scheme--light\">\n<table>\n<tbody>\n\n<tr>\n<td colspan=\"2\">En caso que el pago se efect\u00fae por D\u00c9BITO AUTOM\u00c1TICO este se realizar\u00e1 el 20 de cada mes, si no existen fondos suficientes en la cuenta al momento de efectuarse el d\u00e9bito, el mismo se realizar\u00e1 el\u00a0 30 de cada mes.\n\nSi en ninguna de las dos fechas anteriores se pudo realizar el d\u00e9bito, se deber\u00e1 pagar la boleta vencida por ventanilla del Banco Supervielle.<\/td>\n<\/tr>\n<\/tbody>\n<\/table>\n<\/div>\t\t\t\t\t\t\t\t<\/div>\n\t\t\t\t<\/div>\n\t\t\t\t\t<\/div>\n\t\t\t\t<\/div>\n\t\t\t\t<\/div>\n\t\t","protected":false},"excerpt":{"rendered":"<p>Para consultar y emitir tu boleta de pago hac\u00e9 clic en el bot\u00f3n &#8220;Consultar boleta&#8221;.Para generar un Volante de Pago Electr\u00f3nico (VEP) o conocer tu estado de deuda, ingres\u00e1 con Clave Fiscal Consultar boleta \u00a0 Informaci\u00f3n una vez que ingres\u00e1s tu N\u00b0 de inscripci\u00f3n. Para generar un VEP hac\u00e9 click en\u00a0 \u00a0o , segu\u0301n el [&hellip;]<\/p>\n","protected":false},"author":3,"featured_media":0,"parent":0,"menu_order":0,"comment_status":"closed","ping_status":"closed","template":"","meta":{"site-sidebar-layout":"no-sidebar","site-content-layout":"page-builder","ast-site-content-layout":"full-width-container","site-content-style":"default","site-sidebar-style":"default","ast-global-header-display":"","ast-banner-title-visibility":"","ast-main-header-display":"","ast-hfb-above-header-display":"","ast-hfb-below-header-display":"","ast-hfb-mobile-header-display":"","site-post-title":"disabled","ast-breadcrumbs-content":"","ast-featured-img":"disabled","footer-sml-layout":"","theme-transparent-header-meta":"","adv-header-id-meta":"","stick-header-meta":"","header-above-stick-meta":"","header-main-stick-meta":"","header-below-stick-meta":"","astra-migrate-meta-layouts":"set","ast-page-background-enabled":"default","ast-page-background-meta":{"desktop":{"background-color":"var(--ast-global-color-4)","background-image":"","background-repeat":"repeat","background-position":"center center","background-size":"auto","background-attachment":"scroll","background-type":"","background-media":"","overlay-type":"","overlay-color":"","overlay-opacity":"","overlay-gradient":""},"tablet":{"background-color":"","background-image":"","background-repeat":"repeat","background-position":"center center","background-size":"auto","background-attachment":"scroll","background-type":"","background-media":"","overlay-type":"","overlay-color":"","overlay-opacity":"","overlay-gradient":""},"mobile":{"background-color":"","background-image":"","background-repeat":"repeat","background-position":"center center","background-size":"auto","background-attachment":"scroll","background-type":"","background-media":"","overlay-type":"","overlay-color":"","overlay-opacity":"","overlay-gradient":""}},"ast-content-background-meta":{"desktop":{"background-color":"var(--ast-global-color-5)","background-image":"","background-repeat":"repeat","background-position":"center center","background-size":"auto","background-attachment":"scroll","background-type":"","background-media":"","overlay-type":"","overlay-color":"","overlay-opacity":"","overlay-gradient":""},"tablet":{"background-color":"var(--ast-global-color-5)","background-image":"","background-repeat":"repeat","background-position":"center center","background-size":"auto","background-attachment":"scroll","background-type":"","background-media":"","overlay-type":"","overlay-color":"","overlay-opacity":"","overlay-gradient":""},"mobile":{"background-color":"var(--ast-global-color-5)","background-image":"","background-repeat":"repeat","background-position":"center center","background-size":"auto","background-attachment":"scroll","background-type":"","background-media":"","overlay-type":"","overlay-color":"","overlay-opacity":"","overlay-gradient":""}},"footnotes":""},"class_list":["post-11775","page","type-page","status-publish","hentry"],"_links":{"self":[{"href":"https:\/\/dpip.sanluis.gov.ar\/rentas_sanluis\/index.php?rest_route=\/wp\/v2\/pages\/11775","targetHints":{"allow":["GET"]}}],"collection":[{"href":"https:\/\/dpip.sanluis.gov.ar\/rentas_sanluis\/index.php?rest_route=\/wp\/v2\/pages"}],"about":[{"href":"https:\/\/dpip.sanluis.gov.ar\/rentas_sanluis\/index.php?rest_route=\/wp\/v2\/types\/page"}],"author":[{"embeddable":true,"href":"https:\/\/dpip.sanluis.gov.ar\/rentas_sanluis\/index.php?rest_route=\/wp\/v2\/users\/3"}],"replies":[{"embeddable":true,"href":"https:\/\/dpip.sanluis.gov.ar\/rentas_sanluis\/index.php?rest_route=%2Fwp%2Fv2%2Fcomments&post=11775"}],"version-history":[{"count":83,"href":"https:\/\/dpip.sanluis.gov.ar\/rentas_sanluis\/index.php?rest_route=\/wp\/v2\/pages\/11775\/revisions"}],"predecessor-version":[{"id":19421,"href":"https:\/\/dpip.sanluis.gov.ar\/rentas_sanluis\/index.php?rest_route=\/wp\/v2\/pages\/11775\/revisions\/19421"}],"wp:attachment":[{"href":"https:\/\/dpip.sanluis.gov.ar\/rentas_sanluis\/index.php?rest_route=%2Fwp%2Fv2%2Fmedia&parent=11775"}],"curies":[{"name":"wp","href":"https:\/\/api.w.org\/{rel}","templated":true}]}}